{"id":712,"date":"2018-12-12T16:02:56","date_gmt":"2018-12-12T15:02:56","guid":{"rendered":"https:\/\/joseblancophotography.es\/?page_id=712"},"modified":"2021-01-28T11:12:36","modified_gmt":"2021-01-28T10:12:36","slug":"sobre-mi","status":"publish","type":"page","link":"https:\/\/marilovigofotografia.es\/index.php\/sobre-mi\/","title":{"rendered":"Sobre Mi"},"content":{"rendered":"<p>[et_pb_section fb_built=\u00bb1&#8243; next_background_color=\u00bb#ffffff\u00bb admin_label=\u00bbsection\u00bb _builder_version=\u00bb4.4.7&#8243; background_image=\u00bbhttps:\/\/marilovigofotografia.es\/wp-content\/uploads\/2020\/05\/DSC3812.jpg\u00bb custom_margin=\u00bb||42px|||\u00bb custom_padding=\u00bb185px|0px|222px|0px|false|false\u00bb bottom_divider_style=\u00bbarrow\u00bb bottom_divider_height=\u00bb126px\u00bb][et_pb_row _builder_version=\u00bb3.25&#8243; custom_padding=\u00bb27px|0px|120px|0px|false|false\u00bb][et_pb_column type=\u00bb4_4&#8243; _builder_version=\u00bb3.25&#8243; custom_padding=\u00bb|||\u00bb custom_padding__hover=\u00bb|||\u00bb][et_pb_divider show_divider=\u00bboff\u00bb _builder_version=\u00bb3.15&#8243;][\/et_pb_divider][\/et_pb_column][\/et_pb_row][\/et_pb_section][et_pb_section fb_built=\u00bb1&#8243; admin_label=\u00bbsection\u00bb _builder_version=\u00bb3.22&#8243; custom_padding=\u00bb0px|0px|0px|0px|false|false\u00bb][et_pb_row column_structure=\u00bb1_2,1_2&#8243; _builder_version=\u00bb3.25&#8243; custom_padding=\u00bb26px|0px|47px|0px|false|false\u00bb][et_pb_column type=\u00bb1_2&#8243; _builder_version=\u00bb3.25&#8243; custom_padding=\u00bb|||\u00bb custom_padding__hover=\u00bb|||\u00bb][et_pb_blurb title=\u00bbSobre mi\u00bb use_icon=\u00bbon\u00bb font_icon=\u00bb%%108%%\u00bb icon_color=\u00bb#000000&#8243; icon_placement=\u00bbleft\u00bb use_icon_font_size=\u00bbon\u00bb icon_font_size=\u00bb23px\u00bb _builder_version=\u00bb4.4.7&#8243; custom_padding=\u00bb37px|||||\u00bb]<\/p>\n<p>Nac\u00ed y crec\u00ed entre objetivos, focos, c\u00e1maras y l\u00edquido de revelado&#8230;<br \/>Somos una empresa dedicada a plasmar ,acontecimientos, sentimientos, celebraciones, risas y sonrisas.<br \/>Profesionales ,procurando que nuestro trabajo muestre todo aquello que ocurre tanto en nuestras sesiones de estudio como cuando os acompa\u00f1amos en los d\u00edas importantes de vuestras vidas, Bautizos, comuniones bodas&#8230; la Primera foto de nuestro Beb\u00e9&#8230;<br \/><strong>Fotos Maravillosas para momentos maravillosos!<\/strong><\/p>\n<p>&nbsp;<\/p>\n<p><span><img loading=\"lazy\" decoding=\"async\" src=\"https:\/\/marilovigofotografia.es\/wp-content\/uploads\/2020\/05\/logo2.png\" width=\"190\" height=\"59\" alt=\"\" class=\"wp-image-1057 alignnone size-full\" style=\"float: left;\" \/><\/span><\/p>\n<p>&nbsp;<\/p>\n<p>[\/et_pb_blurb][\/et_pb_column][et_pb_column type=\u00bb1_2&#8243; _builder_version=\u00bb3.25&#8243; custom_padding=\u00bb|||\u00bb custom_padding__hover=\u00bb|||\u00bb][et_pb_image src=\u00bbhttps:\/\/marilovigofotografia.es\/wp-content\/uploads\/2020\/11\/IMG_20180303_154328-scaled.jpg\u00bb title_text=\u00bbIMG_20180303_154328&#8243; _builder_version=\u00bb4.4.7&#8243; box_shadow_style=\u00bbpreset1&#8243;][\/et_pb_image][\/et_pb_column][\/et_pb_row][et_pb_row column_structure=\u00bb1_2,1_2&#8243; _builder_version=\u00bb3.25&#8243; custom_padding=\u00bb27px|0px|55px|0px|false|false\u00bb][et_pb_column type=\u00bb1_2&#8243; _builder_version=\u00bb3.25&#8243; custom_padding=\u00bb|||\u00bb custom_padding__hover=\u00bb|||\u00bb][et_pb_image src=\u00bbhttps:\/\/marilovigofotografia.es\/wp-content\/uploads\/2020\/11\/IMG_20200301_104808-scaled.jpg\u00bb title_text=\u00bbrrem_vivi\u00bb _builder_version=\u00bb4.4.7&#8243; box_shadow_style=\u00bbpreset1&#8243;][\/et_pb_image][\/et_pb_column][et_pb_column type=\u00bb1_2&#8243; _builder_version=\u00bb3.25&#8243; custom_padding=\u00bb|||\u00bb custom_padding__hover=\u00bb|||\u00bb][et_pb_blurb title=\u00bbEl Estudio\u00bb use_icon=\u00bbon\u00bb font_icon=\u00bb%%108%%\u00bb icon_color=\u00bb#000000&#8243; icon_placement=\u00bbleft\u00bb use_icon_font_size=\u00bbon\u00bb icon_font_size=\u00bb23px\u00bb _builder_version=\u00bb4.4.7&#8243; custom_margin=\u00bb128px||137px|||\u00bb custom_padding=\u00bb50px|||||\u00bb]<\/p>\n<p>4\u00ba generaci\u00f3n de fot\u00f3grafos, primero en 1884, en Priego de C\u00f3rdoba, trabajamos en toda Espa\u00f1a, dentro de nuestro servicio propio, no subcontratado, realizamos todo tipo de reportaje social(bodas, bautizos, comuniones, puestas de largo etc) foto y video, Foto art\u00edstica en Exteriores y Studio, Publicidad, Moda, cofrade, dise\u00f1o carteler\u00eda\u2026<\/p>\n<p>Tienda f\u00edsica con 4 plat\u00f3s,<\/p>\n<ul>\n<li>Perteneciente a las asociaciones Profesionales fotogr\u00e1ficas : FEPFI, AFIAN, PRO IMAGEN JAEN.<\/li>\n<li>Galardonados con varios reconocimientos fotogr\u00e1ficos de distintas asociaciones<\/li>\n<li>Equipos de fotograf\u00eda Nikon y canon<\/li>\n<li>Equipos de Video SONY-JVC-<\/li>\n<li>Impresi\u00f3n: Canon, xerox.<\/li>\n<li>Todos los reportajes son personalizados (no plantillas), con materiales de calidad superior,<\/li>\n<\/ul>\n<p><span style=\"font-size: medium;\"><strong>Somos fot\u00f3grafos vocacionales, en continua formaci\u00f3n.<\/strong><\/span><\/p>\n<p><span><\/span><\/p>\n<p>[\/et_pb_blurb][\/et_pb_column][\/et_pb_row][\/et_pb_section][et_pb_section fb_built=\u00bb1&#8243; prev_background_color=\u00bb#ffffff\u00bb _builder_version=\u00bb4.7.2&#8243; background_color=\u00bbrgba(8,115,147,0.28)\u00bb custom_padding=\u00bb71px||7px|||\u00bb top_divider_style=\u00bbwave2&#8243; top_divider_height=\u00bb123px\u00bb hover_enabled=\u00bb0&#8243; sticky_enabled=\u00bb0&#8243;][et_pb_row _builder_version=\u00bb3.25&#8243; custom_padding=\u00bb69px|||||\u00bb][et_pb_column type=\u00bb4_4&#8243; _builder_version=\u00bb3.25&#8243; custom_padding=\u00bb|||\u00bb custom_padding__hover=\u00bb|||\u00bb][et_pb_image src=\u00bbhttps:\/\/marilovigofotografia.es\/wp-content\/uploads\/2020\/05\/logo1.png\u00bb title_text=\u00bblogo1&#8243; align=\u00bbcenter\u00bb align_tablet=\u00bbcenter\u00bb align_phone=\u00bb\u00bb align_last_edited=\u00bbon|desktop\u00bb _builder_version=\u00bb4.4.7&#8243;][\/et_pb_image][\/et_pb_column][\/et_pb_row][\/et_pb_section]<\/p>\n","protected":false},"excerpt":{"rendered":"<p>Nac\u00ed y crec\u00ed entre objetivos, focos, c\u00e1maras y l\u00edquido de revelado&#8230;Somos una empresa dedicada a plasmar ,acontecimientos, sentimientos, celebraciones, risas y sonrisas.Profesionales ,procurando que nuestro trabajo muestre todo aquello que ocurre tanto en nuestras sesiones de estudio como cuando os acompa\u00f1amos en los d\u00edas importantes de vuestras vidas, Bautizos, comuniones bodas&#8230; la Primera foto de [&hellip;]<\/p>\n","protected":false},"author":5,"featured_media":0,"parent":0,"menu_order":0,"comment_status":"closed","ping_status":"closed","template":"","meta":{"_et_pb_use_builder":"on","_et_pb_old_content":"","_et_gb_content_width":"","footnotes":""},"_links":{"self":[{"href":"https:\/\/marilovigofotografia.es\/index.php\/wp-json\/wp\/v2\/pages\/712"}],"collection":[{"href":"https:\/\/marilovigofotografia.es\/index.php\/wp-json\/wp\/v2\/pages"}],"about":[{"href":"https:\/\/marilovigofotografia.es\/index.php\/wp-json\/wp\/v2\/types\/page"}],"author":[{"embeddable":true,"href":"https:\/\/marilovigofotografia.es\/index.php\/wp-json\/wp\/v2\/users\/5"}],"replies":[{"embeddable":true,"href":"https:\/\/marilovigofotografia.es\/index.php\/wp-json\/wp\/v2\/comments?post=712"}],"version-history":[{"count":54,"href":"https:\/\/marilovigofotografia.es\/index.php\/wp-json\/wp\/v2\/pages\/712\/revisions"}],"predecessor-version":[{"id":1519,"href":"https:\/\/marilovigofotografia.es\/index.php\/wp-json\/wp\/v2\/pages\/712\/revisions\/1519"}],"wp:attachment":[{"href":"https:\/\/marilovigofotografia.es\/index.php\/wp-json\/wp\/v2\/media?parent=712"}],"curies":[{"name":"wp","href":"https:\/\/api.w.org\/{rel}","templated":true}]}}